{"id":621,"date":"2023-09-26T09:04:17","date_gmt":"2023-09-26T09:04:17","guid":{"rendered":"http:\/\/airfryermfr.cn\/?page_id=621"},"modified":"2023-11-04T01:30:41","modified_gmt":"2023-11-04T01:30:41","slug":"smart-touch-air-fryer-2","status":"publish","type":"page","link":"https:\/\/airfryermfr.cn\/es\/smart-touch-air-fryer-2\/","title":{"rendered":"Freidora de aire Smart Touch"},"content":{"rendered":"<p>[et_pb_section fb_built=&#8221;1&#8243; _builder_version=&#8221;4.21.0&#8243; _module_preset=&#8221;default&#8221; background_image=&#8221;http:\/\/airfryermfr.cn\/wp-content\/uploads\/2023\/09\/Smart-Touch-Air-Fryer-banner.jpg&#8221; global_colors_info=&#8221;{}&#8221;][et_pb_row _builder_version=&#8221;4.21.0&#8243; _module_preset=&#8221;default&#8221; global_colors_info=&#8221;{}&#8221;][et_pb_column type=&#8221;4_4&#8243; _builder_version=&#8221;4.21.0&#8243; _module_preset=&#8221;default&#8221; global_colors_info=&#8221;{}&#8221;][et_pb_text _builder_version=&#8221;4.21.0&#8243; _module_preset=&#8221;default&#8221; header_font=&#8221;Abyssinica SIL||||||||&#8221; header_text_color=&#8221;#FFFFFF&#8221; header_font_size=&#8221;74px&#8221; header_2_font=&#8221;Abyssinica SIL||||||||&#8221; header_2_text_color=&#8221;#000000&#8243; header_2_font_size=&#8221;70px&#8221; hover_enabled=&#8221;0&#8243; global_colors_info=&#8221;{}&#8221; header_font_size_last_edited=&#8221;on|phone&#8221; header_font_size_phone=&#8221;54px&#8221; sticky_enabled=&#8221;0&#8243; header_font_size_tablet=&#8221;74px&#8221;]<\/p>\n<h1 style=\"text-align: center;\"><strong>Smart Touch Air Fryer<\/strong><\/h1>\n<p>[\/et_pb_text][\/et_pb_column][\/et_pb_row][\/et_pb_section][et_pb_section fb_built=&#8221;1&#8243; _builder_version=&#8221;4.21.0&#8243; _module_preset=&#8221;default&#8221; global_colors_info=&#8221;{}&#8221;][et_pb_row _builder_version=&#8221;4.21.0&#8243; _module_preset=&#8221;default&#8221; global_colors_info=&#8221;{}&#8221;][et_pb_column type=&#8221;4_4&#8243; _builder_version=&#8221;4.21.0&#8243; _module_preset=&#8221;default&#8221; global_colors_info=&#8221;{}&#8221;][et_pb_portfolio fullwidth=&#8221;off&#8221; posts_number=&#8221;100&#8243; include_categories=&#8221;11&#8243; show_categories=&#8221;off&#8221; show_pagination=&#8221;off&#8221; zoom_icon_color=&#8221;RGBA(255,255,255,0)&#8221; hover_overlay_color=&#8221;RGBA(255,255,255,0)&#8221; _builder_version=&#8221;4.21.0&#8243; _module_preset=&#8221;default&#8221; title_text_align=&#8221;center&#8221; global_colors_info=&#8221;{}&#8221; child_filter_blur__hover_enabled=&#8221;on|hover&#8221; child_filter_blur__hover=&#8221;10px&#8221;][\/et_pb_portfolio][\/et_pb_column][\/et_pb_row][\/et_pb_section][et_pb_section fb_built=&#8221;1&#8243; _builder_version=&#8221;4.21.0&#8243; _module_preset=&#8221;default&#8221; background_image=&#8221;http:\/\/airfryermfr.cn\/wp-content\/uploads\/2023\/08\/8.15airfryer4.jpg&#8221; custom_padding=&#8221;||31px|||&#8221; global_colors_info=&#8221;{}&#8221;][et_pb_row column_structure=&#8221;1_2,1_2&#8243; _builder_version=&#8221;4.21.0&#8243; _module_preset=&#8221;default&#8221; global_colors_info=&#8221;{}&#8221;][et_pb_column type=&#8221;1_2&#8243; _builder_version=&#8221;4.21.0&#8243; _module_preset=&#8221;default&#8221; global_colors_info=&#8221;{}&#8221;][\/et_pb_column][et_pb_column type=&#8221;1_2&#8243; _builder_version=&#8221;4.21.0&#8243; _module_preset=&#8221;default&#8221; global_colors_info=&#8221;{}&#8221;][dvppl_cf7_styler use_form_header=&#8221;on&#8221; form_header_title=&#8221;Welcome you to use this form to ask us any questions you may have about AirFryer.&#8221; form_header_text=&#8221;Please be assured that the information you provide on the form will be treated in the strictest confidence and we respect and protect your privacy.&#8221; form_bg=&#8221;RGBA(255,255,255,0)&#8221; button_alignment=&#8221;right&#8221; cf7=&#8221;108&#8243; form_background_color=&#8221;#FFFFFF&#8221; form_field_active_color=&#8221;#FFFFFF&#8221; cr_custom_styles=&#8221;on&#8221; cf7_border_highlight_color=&#8221;#FFFFFF&#8221; _builder_version=&#8221;4.21.0&#8243; _module_preset=&#8221;default&#8221; form_field_font_text_align=&#8221;left&#8221; form_field_font_text_color=&#8221;#000000&#8243; labels_text_color=&#8221;#000000&#8243; title_text_color=&#8221;#000000&#8243; title_font_size=&#8221;20px&#8221; text_text_color=&#8221;#000000&#8243; text_font_size=&#8221;15px&#8221; custom_submit_button=&#8221;on&#8221; submit_button_text_color=&#8221;#000000&#8243; submit_button_border_width=&#8221;2px&#8221; submit_button_border_color=&#8221;RGBA(255,255,255,0)&#8221; border_width_bottom_field=&#8221;2px&#8221; border_color_bottom_field=&#8221;#000000&#8243; global_colors_info=&#8221;{}&#8221;][\/dvppl_cf7_styler][\/et_pb_column][\/et_pb_row][\/et_pb_section]<\/p>\n","protected":false},"excerpt":{"rendered":"<p>Freidora de aire Smart Touch<div class=\"et_pb_with_border et_pb_module dvppl_cf7_styler dvppl_cf7_styler_0\">\n\t\t\t\t\n\t\t\t\t\n\t\t\t\t\n\t\t\t\t\n\t\t\t\t\n\t\t\t\t\n\t\t\t\t<div class=\"et_pb_module_inner\">\n\t\t\t\t\t<div class=\"dipe-cf7-container dipe-cf7-button-right\">\n\t\t\t\t<div class=\"dipe-form-header-container\">\n                \t<div class=\"dipe-form-header\">\n                \t\t<div class=\"dipe-form-header-info\"><h2 class=\"dipe-form-header-title\">Le invitamos a utilizar este formulario para hacernos cualquier pregunta que tenga sobre AirFryer.<\/h2><div class=\"dipe-form-header-text\">Tenga la seguridad de que la informaci\u00f3n que facilite en el formulario ser\u00e1 tratada con la m\u00e1s estricta confidencialidad y de que respetamos y protegemos su intimidad.<\/div><\/div>\n                \t<\/div>\n                <\/div>\n\t\t\t\t<div class=\"dipe-cf7 dipe-cf7-styler dipe-cf7-cr\">\n\t\t\t\t\t\n<div class=\"wpcf7 no-js\" id=\"wpcf7-f108-o1\" lang=\"zh-CN\" dir=\"ltr\" data-wpcf7-id=\"108\">\n<div class=\"screen-reader-response\"><p role=\"status\" aria-live=\"polite\" aria-atomic=\"true\"><\/p> <ul><\/ul><\/div>\n<form action=\"\/es\/wp-json\/wp\/v2\/pages\/621#wpcf7-f108-o1\" method=\"post\" class=\"wpcf7-form init\" aria-label=\"\u7559\u8a00\u8868\u5355\" novalidate=\"novalidate\" data-status=\"init\" data-trp-original-action=\"\/es\/wp-json\/wp\/v2\/pages\/621#wpcf7-f108-o1\">\n<fieldset class=\"hidden-fields-container\"><input type=\"hidden\" name=\"_wpcf7\" value=\"108\" \/><input type=\"hidden\" name=\"_wpcf7_version\" value=\"6.1.5\" \/><input type=\"hidden\" name=\"_wpcf7_locale\" value=\"zh_CN\" \/><input type=\"hidden\" name=\"_wpcf7_unit_tag\" value=\"wpcf7-f108-o1\" \/><input type=\"hidden\" name=\"_wpcf7_container_post\" value=\"0\" \/><input type=\"hidden\" name=\"_wpcf7_posted_data_hash\" value=\"\" \/><input type=\"hidden\" name=\"_wpcf7_recaptcha_response\" value=\"\" \/>\n<\/fieldset>\n<label><span class=\"wpcf7-form-control-wrap\" data-name=\"your-name\"><input size=\"40\" maxlength=\"400\" class=\"wpcf7-form-control wpcf7-text wpcf7-validates-as-required\" aria-required=\"true\" aria-invalid=\"false\" placeholder=\"Introduzca Su Nombre De\" value=\"\" type=\"text\" name=\"your-name\" \/><\/span> <\/label>\n<label><span class=\"wpcf7-form-control-wrap\" data-name=\"your-email\"><input size=\"40\" maxlength=\"400\" class=\"wpcf7-form-control wpcf7-email wpcf7-validates-as-required wpcf7-text wpcf7-validates-as-email\" aria-required=\"true\" aria-invalid=\"false\" placeholder=\"Agregar Su ID de Correo electr\u00f3nico (*)\" value=\"\" type=\"email\" name=\"your-email\" \/><\/span> <\/label>\n<label><span class=\"wpcf7-form-control-wrap\" data-name=\"your-tel\"><input size=\"40\" maxlength=\"400\" class=\"wpcf7-form-control wpcf7-text wpcf7-validates-as-required\" aria-required=\"true\" aria-invalid=\"false\" placeholder=\"C\u00f3digo de \u00e1rea + n\u00famero de tel\u00e9fono (*)\" value=\"\" type=\"text\" name=\"your-tel\" \/><\/span> <\/label>\n<label><span class=\"wpcf7-form-control-wrap\" data-name=\"your-message\"><textarea cols=\"40\" rows=\"10\" maxlength=\"2000\" class=\"wpcf7-form-control wpcf7-textarea\" aria-invalid=\"false\" placeholder=\"Escribe Tu Mensaje... (*)\" name=\"your-message\"><\/textarea><\/span> <\/label>\n<button class=\"wpcf7-form-control wpcf7-submit has-spinner et_pb_button et_pb_bg_layout_light\" type=\"submit\" value=\"Submit\">Enviar<\/button><div class=\"wpcf7-response-output\" aria-hidden=\"true\"><\/div>\n<input type=\"hidden\" name=\"trp-form-language\" value=\"es\"\/><\/form>\n<\/div>\n\n\t\t\t\t<\/div>\n\t\t\t<\/div>\n\t\t\t\t<\/div>\n\t\t\t<\/div><\/p>","protected":false},"author":1,"featured_media":0,"parent":0,"menu_order":0,"comment_status":"closed","ping_status":"closed","template":"","meta":{"_et_pb_use_builder":"on","_et_pb_old_content":"","_et_gb_content_width":"","_joinchat":[],"footnotes":""},"class_list":["post-621","page","type-page","status-publish","hentry"],"_links":{"self":[{"href":"https:\/\/airfryermfr.cn\/es\/wp-json\/wp\/v2\/pages\/621","targetHints":{"allow":["GET"]}}],"collection":[{"href":"https:\/\/airfryermfr.cn\/es\/wp-json\/wp\/v2\/pages"}],"about":[{"href":"https:\/\/airfryermfr.cn\/es\/wp-json\/wp\/v2\/types\/page"}],"author":[{"embeddable":true,"href":"https:\/\/airfryermfr.cn\/es\/wp-json\/wp\/v2\/users\/1"}],"replies":[{"embeddable":true,"href":"https:\/\/airfryermfr.cn\/es\/wp-json\/wp\/v2\/comments?post=621"}],"version-history":[{"count":5,"href":"https:\/\/airfryermfr.cn\/es\/wp-json\/wp\/v2\/pages\/621\/revisions"}],"predecessor-version":[{"id":1502,"href":"https:\/\/airfryermfr.cn\/es\/wp-json\/wp\/v2\/pages\/621\/revisions\/1502"}],"wp:attachment":[{"href":"https:\/\/airfryermfr.cn\/es\/wp-json\/wp\/v2\/media?parent=621"}],"curies":[{"name":"wp","href":"https:\/\/api.w.org\/{rel}","templated":true}]}}